{"id":2550,"date":"2020-08-03T10:50:25","date_gmt":"2020-08-03T10:50:25","guid":{"rendered":"https:\/\/kuenzlipreview.saphir.mainbase.ch\/?page_id=2550"},"modified":"2020-11-13T12:16:37","modified_gmt":"2020-11-13T12:16:37","slug":"fabrikladen","status":"publish","type":"page","link":"https:\/\/kuenzlipreview.saphir.mainbase.ch\/?page_id=2550","title":{"rendered":"Fabrikladen"},"content":{"rendered":"\n\t<section class=\"section\" id=\"section_2025416148\">\n\t\t<div class=\"bg section-bg fill bg-fill  bg-loaded\" >\n\n\t\t\t\n\t\t\t\n\t\t\t\n\n\t\t<\/div>\n\n\t\t<div class=\"section-content relative\">\n\t\t\t\n\n<div class=\"row\"  id=\"row-343854369\">\n\n\n\t<div id=\"col-552452830\" class=\"col small-12 large-12\"  >\n\t\t<div class=\"col-inner box-shadow-2\"  >\n\t\t\t\n\t\t\t\n\n\n  <div class=\"banner has-hover\" id=\"banner-172547340\">\n          <div class=\"banner-inner fill\">\n        <div class=\"banner-bg fill\" >\n            <div class=\"bg fill bg-fill \"><\/div>\n                                    \n                    <\/div>\n        <div class=\"banner-layers container\">\n            <div class=\"fill banner-link\"><\/div>            \n\n\n        <\/div>\n      <\/div>\n\n            \n<style>\n#banner-172547340 {\n  padding-top: 45%;\n  background-color: rgb(255,255,255);\n}\n#banner-172547340 .bg.bg-loaded {\n  background-image: url(https:\/\/kuenzlipreview.saphir.mainbase.ch\/wp-content\/uploads\/2020\/08\/Er\u00f6ffnung-VIP-104-1024x682.jpg);\n}\n#banner-172547340 .bg {\n  background-position: 19% 44%;\n}\n<\/style>\n  <\/div>\n\n\n\n\t\t<\/div>\n\t\t\t<\/div>\n\n\t\n\n<\/div>\n<div class=\"row\"  id=\"row-82055717\">\n\n\n\t<div id=\"col-1987365205\" class=\"col medium-12 small-12 large-8\"  >\n\t\t<div class=\"col-inner text-center\"  >\n\t\t\t\n\t\t\t\n\n<h2 class=\"thin-font\" style=\"text-align: left;\"><span style=\"color: #ff6600; font-size: 150%;\"><span style=\"color: #ff6600; font-size: 100%;\">Fabrikladen Stallikon<\/span><\/span><\/h2>\n<p style=\"text-align: left;\"><span style=\"font-size: 120%;\">Wie der Name schon sagt bieten wir unseren Kunden die M\u00f6glichkeit, unsere frischen und herzhaften Fleisch- und Wurstspezialit\u00e4ten direkt ab Werk bei uns in Stallikon zu kaufen, &#8222;us em Burerauch&#8220;. <\/span><\/p>\n<p style=\"text-align: left;\"><span style=\"color: #ff6600;\"><span style=\"font-size: 120%;\">Viel Fleisch f\u00fcr wenig Geld!<\/span><\/span><\/p>\n<p style=\"text-align: left;\"><span style=\"font-size: 120%;\">Neben Fleisch und Wurst aus der grossen Frischtheke finden Sie bei uns auch eine Auswahl an verpackter Ware sowie Trockenfleisch Spezialit\u00e4ten vom \u00dcetliberg \u201cus em Burerauch\u201c f\u00fcr den schnellen Einkauf. Auch t\u00e4glich anfallende \u00dcberproduktionen f\u00fcr das kleinere Budget geben wir gerne unseren Kunden weiter.<\/span><\/p>\n<p style=\"text-align: left;\"><span style=\"font-size: 120%;\">Fachliche Beratung, sowie Tipps und Tricks rund ums Fleisch und dessen Zubereitung, sind immer selbstverst\u00e4ndlich.<\/span><\/p>\n<p style=\"text-align: left;\"><span style=\"font-size: 120%;\">Wir heissen Sie herzlich willkommen in den Produktionsst\u00e4tten der Metzgerei K\u00fcnzli AG!<\/span><\/p>\n\n\t\t<\/div>\n\t\t\t<\/div>\n\n\t\n\n\t<div id=\"col-2027553631\" class=\"col medium-12 small-12 large-4\"  >\n\t\t<div class=\"col-inner\"  >\n\t\t\t\n\t\t\t\n\n\t<div class=\"box has-hover   has-hover box-text-bottom\" >\n\n\t\t<div class=\"box-image\" style=\"width:54%;\">\n\t\t\t\t\t\t<div class=\"\" >\n\t\t\t\t<img width=\"400\" height=\"300\" src=\"https:\/\/kuenzlipreview.saphir.mainbase.ch\/wp-content\/uploads\/2020\/08\/k\u00fcnzli20Rabatt.jpg\" class=\"attachment-original size-original\" alt=\"\" loading=\"lazy\" srcset=\"https:\/\/kuenzlipreview.saphir.mainbase.ch\/wp-content\/uploads\/2020\/08\/k\u00fcnzli20Rabatt.jpg 400w, https:\/\/kuenzlipreview.saphir.mainbase.ch\/wp-content\/uploads\/2020\/08\/k\u00fcnzli20Rabatt-300x225.jpg 300w\" sizes=\"(max-width: 400px) 100vw, 400px\" \/>\t\t\t\t\t\t\t\t\t\t\t<\/div>\n\t\t\t\t\t<\/div>\n\n\t\t<div class=\"box-text text-center is-small\" style=\"padding:15px 0px 0px 0px;\">\n\t\t\t<div class=\"box-text-inner\">\n\t\t\t\t\n\n<h2 class=\"thin-font\" style=\"text-align: center;\"><span style=\"font-size: 110%; color: #ff6600;\">20% Rabatt auf Originalverpackungen<br \/><\/span><span style=\"font-size: 110%; color: #ff6600;\">&#8222;Wir portionieren f\u00fcr Sie gratis&#8220;<\/span><\/h2>\n<div class=\"row\"  id=\"row-1962976750\">\n\n\n\t<div id=\"col-1263753119\" class=\"col small-12 large-12\"  >\n\t\t<div class=\"col-inner\"  >\n\t\t\t\n\t\t\t\n\n<a href=\"https:\/\/kuenzlipreview.saphir.mainbase.ch\/wp-content\/uploads\/2020\/11\/Preisliste-Fabrikladen-Stallikon.pdf\" target=\"_self\" class=\"button secondary is-outline is-large box-shadow-1 lowercase reveal-icon\"  >\n  <i class=\"icon-play\" ><\/i>  <span>Preisliste Fabrikladen<\/span>\n  <\/a>\n\n\n\n\t\t<\/div>\n\t\t\n<style>\n#col-1263753119 > .col-inner {\n  margin: 35px 0px 0px 0px;\n}\n<\/style>\n\t<\/div>\n\n\t\n\n<\/div>\n\n\t\t\t<\/div>\n\t\t<\/div>\n\t<\/div>\n\t\n\n\t\t<\/div>\n\t\t\n<style>\n#col-2027553631 > .col-inner {\n  margin: 0 0px 0px 0px;\n}\n@media (min-width:850px) {\n  #col-2027553631 > .col-inner {\n    margin: 70px 0px 0px 0px;\n  }\n}\n<\/style>\n\t<\/div>\n\n\t\n\n<\/div>\n\n\t\t<\/div>\n\n\t\t\n<style>\n#section_2025416148 {\n  padding-top: 30px;\n  padding-bottom: 30px;\n}\n<\/style>\n\t<\/section>\n\t\n\n","protected":false},"excerpt":{"rendered":"","protected":false},"author":1,"featured_media":0,"parent":0,"menu_order":0,"comment_status":"closed","ping_status":"closed","template":"page-blank.php","meta":{"spay_email":""},"_links":{"self":[{"href":"https:\/\/kuenzlipreview.saphir.mainbase.ch\/index.php?rest_route=\/wp\/v2\/pages\/2550"}],"collection":[{"href":"https:\/\/kuenzlipreview.saphir.mainbase.ch\/index.php?rest_route=\/wp\/v2\/pages"}],"about":[{"href":"https:\/\/kuenzlipreview.saphir.mainbase.ch\/index.php?rest_route=\/wp\/v2\/types\/page"}],"author":[{"embeddable":true,"href":"https:\/\/kuenzlipreview.saphir.mainbase.ch\/index.php?rest_route=\/wp\/v2\/users\/1"}],"replies":[{"embeddable":true,"href":"https:\/\/kuenzlipreview.saphir.mainbase.ch\/index.php?rest_route=%2Fwp%2Fv2%2Fcomments&post=2550"}],"version-history":[{"count":20,"href":"https:\/\/kuenzlipreview.saphir.mainbase.ch\/index.php?rest_route=\/wp\/v2\/pages\/2550\/revisions"}],"predecessor-version":[{"id":2981,"href":"https:\/\/kuenzlipreview.saphir.mainbase.ch\/index.php?rest_route=\/wp\/v2\/pages\/2550\/revisions\/2981"}],"wp:attachment":[{"href":"https:\/\/kuenzlipreview.saphir.mainbase.ch\/index.php?rest_route=%2Fwp%2Fv2%2Fmedia&parent=2550"}],"curies":[{"name":"wp","href":"https:\/\/api.w.org\/{rel}","templated":true}]}}