{"id":252,"date":"2020-02-06T15:00:31","date_gmt":"2020-02-06T15:00:31","guid":{"rendered":"http:\/\/kuenzlipreview.saphir.mainbase.ch\/?page_id=252"},"modified":"2021-02-26T11:02:44","modified_gmt":"2021-02-26T11:02:44","slug":"take-away","status":"publish","type":"page","link":"https:\/\/kuenzlipreview.saphir.mainbase.ch\/?page_id=252","title":{"rendered":"Take Away"},"content":{"rendered":"\n<div class=\"row\"  id=\"row-2139456449\">\n\n\n\t<div id=\"col-1225660676\" class=\"col small-12 large-12\"  >\n\t\t<div class=\"col-inner\"  >\n\t\t\t\n\t\t\t\n\n<div class=\"row row-small\"  id=\"row-2053095053\">\n\n\n\t<div id=\"col-807553494\" class=\"col medium-12 small-12 large-12\"  >\n\t\t<div class=\"col-inner\"  >\n\t\t\t\n\t\t\t\n\n<h1><span style=\"font-size: 130%; color: #ff6600;\"><span style=\"font-size: 140%;\">TAKE AWAY<\/span><br \/><\/span><\/h1>\n<p class=\"thin-font\"><span style=\"font-size: 120%;\">F\u00fcr das Fr\u00fchst\u00fcck schneiden wir eine stetig frische Auswahl der kulinarischen Vielfalt aus unserer Frischtheke auf. So finden sich in unserem Fr\u00fchst\u00fccksbuffet Spezialit\u00e4ten vom Rind, Schwein, K\u00e4se und hausgemachte Sandwiches mit leckeren Br\u00f6tchen frisch aus dem Ofen.<\/span><\/p>\n<p class=\"thin-font\"><span style=\"font-size: 120%;\">\u00dcber Mittag oder zum Abendessen bieten wir verschiedenste Speisen als Take-Away an oder Sie geniessen entspannt unsere Delikatessen einfach vor Ort mit einem St\u00fcck hausgemachten Kuchen zum Kaffee&#8230;<\/span><\/p>\n<p class=\"thin-font\"><span style=\"font-size: 120%;\">Kommen Sie Montag bis Samstag in den Genuss von unseren leckeren Tagesmen\u00fcs!<\/span><\/p>\n<p class=\"thin-font\"><span style=\"font-size: 120%;\">Ihre Pause haben Sie sich schliesslich verdient!<\/span><\/p>\n<p>\u00a0<\/p>\n<a rel=\"noopener noreferrer\" href=\"https:\/\/kuenzlipreview.saphir.mainbase.ch\/wp-content\/uploads\/2021\/02\/KW06-Menueplan-Take-Away-Kuenzli-Albisrieden.pdf\" target=\"_blank\" class=\"button primary is-outline box-shadow-1 box-shadow-3-hover\"  >\n  <i class=\"icon-play\" ><\/i>  <span>Download Wochenplan<\/span>\n  <\/a>\n\n\n\n\t\t<\/div>\n\t\t\t<\/div>\n\n\t\n\n\t<div id=\"col-1213510675\" class=\"col medium-12 small-12 large-9\"  >\n\t\t<div class=\"col-inner text-center\"  >\n\t\t\t\n\t\t\t\n\n\t<div class=\"img has-hover x md-x lg-x y md-y lg-y\" id=\"image_1611667920\">\n\t\t<a class=\"\" href=\"https:\/\/shop.metzgereikuenzli.ch\/roastbeef-entrecote-gegart-geschnitten-2096454.html\" target=\"_blank\" rel=\"noopener noreferrer\" >\t\t\t\t\t\t<div class=\"img-inner box-shadow-2 dark\" >\n\t\t\t<img width=\"960\" height=\"350\" src=\"https:\/\/kuenzlipreview.saphir.mainbase.ch\/wp-content\/uploads\/2021\/02\/960x350_Roastbeef_banner.jpg\" class=\"attachment-original size-original\" alt=\"\" loading=\"lazy\" srcset=\"https:\/\/kuenzlipreview.saphir.mainbase.ch\/wp-content\/uploads\/2021\/02\/960x350_Roastbeef_banner.jpg 960w, https:\/\/kuenzlipreview.saphir.mainbase.ch\/wp-content\/uploads\/2021\/02\/960x350_Roastbeef_banner-300x109.jpg 300w, https:\/\/kuenzlipreview.saphir.mainbase.ch\/wp-content\/uploads\/2021\/02\/960x350_Roastbeef_banner-768x280.jpg 768w\" sizes=\"(max-width: 960px) 100vw, 960px\" \/>\t\t\t\t\t\t\n\t\t\t\t\t<\/div>\n\t\t\t\t\t\t<\/a>\t\t\n<style>\n#image_1611667920 {\n  width: 100%;\n}\n<\/style>\n\t<\/div>\n\t\n\n\n\t\t<\/div>\n\t\t\n<style>\n#col-1213510675 > .col-inner {\n  margin: 25px 0px 0px 0px;\n}\n<\/style>\n\t<\/div>\n\n\t\n\n\t<div id=\"col-44827274\" class=\"col medium-12 small-12 large-3\"  >\n\t\t<div class=\"col-inner text-center\"  >\n\t\t\t\n\t\t\t\n\n<h2 class=\"thin-font\" style=\"text-align: left;\"><span style=\"font-size: 140%;\"><strong><span class=\"\">ROASTBEEF<\/span><\/strong><\/span><\/h2>\n<p style=\"text-align: left;\"><span class=\"\">f\u00fcr alle, die keine Lust auf gew\u00f6hnliche Butterbrote haben.<\/span><\/p>\n<p style=\"text-align: left;\">Das Herzst\u00fcck vom Roastbeef-Sandwich ist, wie der Name verr\u00e4t, das zarte, rosa gegarte Rindfleisch. Diese zeichnet im fertigen Zustand eine gesunde, leicht rote Farbe und ein angenehmes Braten-Aroma aus. &#x1f44c;<\/p>\n<p style=\"text-align: left;\">Das Roastbeef-Sandwich immer wieder neu entdecken!<\/p>\n\n\t\t<\/div>\n\t\t\n<style>\n#col-44827274 > .col-inner {\n  margin: 0 0px 0px 0px;\n}\n@media (min-width:550px) {\n  #col-44827274 > .col-inner {\n    margin: 0 0px 0px 0px;\n  }\n}\n@media (min-width:850px) {\n  #col-44827274 > .col-inner {\n    margin: 40px 0px 0px 0px;\n  }\n}\n<\/style>\n\t<\/div>\n\n\t\n\n<\/div>\n\n\t\t<\/div>\n\t\t\n<style>\n#col-1225660676 > .col-inner {\n  margin: 0px 0px 25px 0px;\n}\n<\/style>\n\t<\/div>\n\n\t\n\n<\/div>\n\n\n\n\n\n\n","protected":false},"excerpt":{"rendered":"","protected":false},"author":1,"featured_media":0,"parent":0,"menu_order":0,"comment_status":"closed","ping_status":"closed","template":"","meta":{"spay_email":""},"_links":{"self":[{"href":"https:\/\/kuenzlipreview.saphir.mainbase.ch\/index.php?rest_route=\/wp\/v2\/pages\/252"}],"collection":[{"href":"https:\/\/kuenzlipreview.saphir.mainbase.ch\/index.php?rest_route=\/wp\/v2\/pages"}],"about":[{"href":"https:\/\/kuenzlipreview.saphir.mainbase.ch\/index.php?rest_route=\/wp\/v2\/types\/page"}],"author":[{"embeddable":true,"href":"https:\/\/kuenzlipreview.saphir.mainbase.ch\/index.php?rest_route=\/wp\/v2\/users\/1"}],"replies":[{"embeddable":true,"href":"https:\/\/kuenzlipreview.saphir.mainbase.ch\/index.php?rest_route=%2Fwp%2Fv2%2Fcomments&post=252"}],"version-history":[{"count":43,"href":"https:\/\/kuenzlipreview.saphir.mainbase.ch\/index.php?rest_route=\/wp\/v2\/pages\/252\/revisions"}],"predecessor-version":[{"id":3398,"href":"https:\/\/kuenzlipreview.saphir.mainbase.ch\/index.php?rest_route=\/wp\/v2\/pages\/252\/revisions\/3398"}],"wp:attachment":[{"href":"https:\/\/kuenzlipreview.saphir.mainbase.ch\/index.php?rest_route=%2Fwp%2Fv2%2Fmedia&parent=252"}],"curies":[{"name":"wp","href":"https:\/\/api.w.org\/{rel}","templated":true}]}}