{"id":248,"date":"2020-02-06T14:59:28","date_gmt":"2020-02-06T14:59:28","guid":{"rendered":"http:\/\/kuenzlipreview.saphir.mainbase.ch\/?page_id=248"},"modified":"2020-10-23T14:06:13","modified_gmt":"2020-10-23T14:06:13","slug":"gastronomi","status":"publish","type":"page","link":"https:\/\/kuenzlipreview.saphir.mainbase.ch\/?page_id=248","title":{"rendered":"Gastronomi"},"content":{"rendered":"\n\t<section class=\"section hide-for-medium\" id=\"section_1231216458\">\n\t\t<div class=\"bg section-bg fill bg-fill  bg-loaded\" >\n\n\t\t\t\n\t\t\t\n\t\t\t\n\n\t\t<\/div>\n\n\t\t<div class=\"section-content relative\">\n\t\t\t\n\n<div class=\"row\"  id=\"row-684674646\">\n\n\n\t<div id=\"col-849022788\" class=\"col small-12 large-12\"  >\n\t\t<div class=\"col-inner box-shadow-3\"  >\n\t\t\t\n\t\t\t\n\n\n  <div class=\"banner has-hover\" id=\"banner-1355680734\">\n          <div class=\"banner-inner fill\">\n        <div class=\"banner-bg fill\" >\n            <div class=\"bg fill bg-fill \"><\/div>\n                                    \n                    <\/div>\n        <div class=\"banner-layers container\">\n            <div class=\"fill banner-link\"><\/div>            \n\n\n        <\/div>\n      <\/div>\n\n            \n<style>\n#banner-1355680734 {\n  padding-top: 45%;\n  background-color: rgb(255,255,255);\n}\n#banner-1355680734 .bg.bg-loaded {\n  background-image: url(https:\/\/kuenzlipreview.saphir.mainbase.ch\/wp-content\/uploads\/2020\/10\/Gastronomie.jpg);\n}\n#banner-1355680734 .bg {\n  background-position: 44% 100%;\n}\n<\/style>\n  <\/div>\n\n\n\n\t\t<\/div>\n\t\t\t<\/div>\n\n\t\n\n<\/div>\n<div class=\"row\"  id=\"row-717084746\">\n\n\n\t<div id=\"col-185860376\" class=\"col medium-8 small-12 large-8\"  >\n\t\t<div class=\"col-inner\"  >\n\t\t\t\n\t\t\t\n\n<h3>&nbsp;<\/h3>\n<h2 class=\"thin-font\" style=\"text-align: left;\"><span style=\"font-size: 120%;\"><span style=\"color: #ff6600;\">f\u00fcr Gastronomie<\/span><\/span><\/h2>\n<p style=\"text-align: left;\"><span style=\"font-size: 120%;\"><br \/><span style=\"font-size: 100%;\">Frische hat bei uns Tradition und guter Geschmack oberste Priorit\u00e4t.<br \/>Unser Name steht seit 1959 f\u00fcr Wurst- und Fleischspezialit\u00e4ten von h\u00f6chster Qualit\u00e4t. Unser Sortiment umfasst Fleisch, Wurst und Schinken aus eigener Produktion sowie Gourmet-Spezialit\u00e4ten aus aller Welt. F\u00fchrend in Belieferung von Hotel- und Gastronomiegewerbe kennen wir die hohen Anspr\u00fcche, die Ihre Kunden an Sie stellen. Wir sind f\u00fcr unseren hohen Kundenservice, rasche Lieferung und ein ausgezeichnetes Preis-\/Leistungsverh\u00e4ltnis bekannt. Diesem Ruf wollen wir auch in Zukunft gerecht werden. Wir machen keine Kompromisse \u2013 wir sorgen f\u00fcr Ihren Erfolg. Metzgerei K\u00fcnzli ist die erste Adresse, wenn es um auserlesene Fleischsorten wie SwissExcellent Beef &amp; Veal, Black Angus Rindfleisch, US Beef, Iberico Schweinefleisch oder qualit\u00e4ts Gefl\u00fcgel geht. Unsere Dienstleistungen wissen nicht nur Top-Restaurants, Edelgastronomie und Spitzenk\u00f6che zu sch\u00e4tzen, wir sind auch spezialisiert in Belieferung von Systemgastronomie sowie sozialen Einrichtungen und Ausserhausverpflegung.<\/span><\/span><\/p>\n<p>&nbsp;<\/p>\n<div class=\"row\"  id=\"row-1524267098\">\n\n\n\t<div id=\"col-1976858814\" class=\"col medium-1 small-6 large-1\"  >\n\t\t<div class=\"col-inner\"  >\n\t\t\t\n\t\t\t\n\n\n\t<a class=\"plain\" href=\"https:\/\/kuenzlipreview.saphir.mainbase.ch\/?page_id=883\" target=\"_blank\" rel=\"noopener noreferrer\" >\t<div class=\"icon-box featured-box icon-box-left text-left is-xsmall\"  >\n\t\t\t\t\t<div class=\"icon-box-img\" style=\"width: 62px\">\n\t\t\t\t<div class=\"icon\">\n\t\t\t\t\t<div class=\"icon-inner\" style=\"color:rgb(255, 102, 0);\">\n\t\t\t\t\t\t<?xml version=\"1.0\" encoding=\"utf-8\"?>\n<!-- Generator: Adobe Illustrator 23.0.3, SVG Export Plug-In . SVG Version: 6.00 Build 0)  -->\n<svg version=\"1.1\" id=\"Capa_1\" xmlns=\"http:\/\/www.w3.org\/2000\/svg\" xmlns:xlink=\"http:\/\/www.w3.org\/1999\/xlink\" x=\"0px\" y=\"0px\"\n\t viewBox=\"0 0 546 494.6\" style=\"enable-background:new 0 0 546 494.6;\" xml:space=\"preserve\">\n<style type=\"text\/css\">\n\t.st0{fill:#E7504C;}\n<\/style>\n<g>\n\t<path class=\"st0\" d=\"M192,77.3H96.5c-21.5,0-39,17.5-39,39v98.6c0,21.5,17.5,39,39,39H192c21.5,0,39-17.5,39-39v-98.6\n\t\tC231,94.7,213.5,77.3,192,77.3z M203.5,214.8c0,6.3-5.2,11.5-11.5,11.5H96.5c-6.3,0-11.5-5.2-11.5-11.5v-98.6\n\t\tc0-6.3,5.2-11.5,11.5-11.5H192c6.3,0,11.5,5.2,11.5,11.5V214.8z\"\/>\n\t<path class=\"st0\" d=\"M217.2,289.5H71.3c-7.6,0-13.7,6.2-13.7,13.7S63.7,317,71.3,317h145.9c7.6,0,13.7-6.2,13.7-13.7\n\t\tS224.8,289.5,217.2,289.5z\"\/>\n\t<path class=\"st0\" d=\"M217.2,352.7H71.3c-7.6,0-13.7,6.2-13.7,13.7s6.2,13.7,13.7,13.7h145.9c7.6,0,13.7-6.2,13.7-13.7\n\t\tS224.8,352.7,217.2,352.7z\"\/>\n\t<path class=\"st0\" d=\"M475.2,226.3H329.3c-7.6,0-13.7,6.2-13.7,13.7c0,7.6,6.2,13.7,13.7,13.7h145.9c7.6,0,13.7-6.2,13.7-13.7\n\t\tC488.9,232.5,482.8,226.3,475.2,226.3z\"\/>\n\t<path class=\"st0\" d=\"M475.2,289.5H329.3c-7.6,0-13.7,6.2-13.7,13.7s6.2,13.7,13.7,13.7h145.9c7.6,0,13.7-6.2,13.7-13.7\n\t\tS482.8,289.5,475.2,289.5z\"\/>\n\t<path class=\"st0\" d=\"M475.2,352.7H329.3c-7.6,0-13.7,6.2-13.7,13.7s6.2,13.7,13.7,13.7h145.9c7.6,0,13.7-6.2,13.7-13.7\n\t\tS482.8,352.7,475.2,352.7z\"\/>\n\t<path class=\"st0\" d=\"M423.8,6.4l-6,0.1c-16.2,0.4-32.3-0.2-47.8-0.8C346.4,4.8,324,4,302.4,6.6c-13.6,0.1-22.9,3.7-29.4,8.7\n\t\tc-6.4-5-15.7-8.6-29.3-8.7C177.1-2.2,109.6-2.2,43,6.6C19.2,7.2,0,30.4,0,58.8V433c0,28.8,19.7,52.2,44,52.2h1.3l1.3-0.3\n\t\tc65-12.8,130-12.8,193.4,0l0.2,0l31.8,9.6l31-9.4c0.1,0,0.1,0,0.2,0h1.2l1.2-0.2c64.4-11.1,129.7-11.1,194.1,0l1.2,0.2h1.2\n\t\tc24.2,0,44-23.4,44-52.2V132.3L423.8,6.4z M259.3,443.3c0,12.6-6.7,14.2-15.2,14.4c-33-6.6-66.5-9.9-100.1-9.9\n\t\tc-33.6,0-67.3,3.3-101,9.8c-8.3-0.9-15.4-12-15.4-24.6V58.8c0-13.2,7.7-24.7,16.5-24.7h0.9l0.9-0.1c64.8-8.6,130.4-8.6,195.2,0\n\t\tl0.9,0.1h0.9c10.3,0,16.5,0.9,16.5,13.2V443.3z M518.5,433c0,12.7-7.2,23.9-15.6,24.6c-66.6-11.4-134.2-11.3-200.9,0\n\t\tc-8.5-0.1-15.4-1.6-15.4-14.4v-396c0-12.4,6.2-13.2,16.5-13.2h0.9l0.8-0.1c19.7-2.5,41.2-1.6,64.1-0.7c13.7,0.5,27.8,1.1,42.4,0.9\n\t\tv71.3c0,20.9,16.9,37.8,37.8,37.8h69.1l0.2,0.2V433z\"\/>\n<\/g>\n<\/svg>\n\t\t\t\t\t<\/div>\n\t\t\t\t<\/div>\n\t\t\t<\/div>\n\t\t\t\t<div class=\"icon-box-text last-reset\">\n\t\t\t\t\t\t\t\t\t\n\n\n\t\t<\/div>\n\t<\/div>\n\t<\/a>\n\t\n\n\t\t<\/div>\n\t\t\t<\/div>\n\n\t\n\n\t<div id=\"col-269438038\" class=\"col medium-5 small-6 large-5\"  >\n\t\t<div class=\"col-inner\"  >\n\t\t\t\n\t\t\t\n\n<h2><a class=\"thin-font\" href=\"https:\/\/kuenzlipreview.saphir.mainbase.ch\/?page_id=883\" target=\"_blank\" rel=\"noopener noreferrer\"><span style=\"font-size: 110%; color: #ff6600;\"><span style=\"font-size: 100%;\">Preislisten Gastronomie<\/span><\/span><\/a><\/h2>\n\n\t\t<\/div>\n\t\t\n<style>\n#col-269438038 > .col-inner {\n  margin: 25px 0px 0px 10px;\n}\n<\/style>\n\t<\/div>\n\n\t\n\n<\/div>\n\n\t\t<\/div>\n\t\t\t<\/div>\n\n\t\n\n\t<div id=\"col-814757670\" class=\"col medium-4 small-12 large-4\"  >\n\t\t<div class=\"col-inner\"  >\n\t\t\t\n\t\t\t\n\n\t<div class=\"img has-hover x md-x lg-x y md-y lg-y\" id=\"image_363313082\">\n\t\t\t\t\t\t\t\t<div class=\"img-inner box-shadow-3 dark\" >\n\t\t\t<img width=\"720\" height=\"720\" src=\"https:\/\/kuenzlipreview.saphir.mainbase.ch\/wp-content\/uploads\/2020\/02\/Steak-side-gastro.jpg\" class=\"attachment-original size-original\" alt=\"\" loading=\"lazy\" srcset=\"https:\/\/kuenzlipreview.saphir.mainbase.ch\/wp-content\/uploads\/2020\/02\/Steak-side-gastro.jpg 720w, https:\/\/kuenzlipreview.saphir.mainbase.ch\/wp-content\/uploads\/2020\/02\/Steak-side-gastro-100x100.jpg 100w, https:\/\/kuenzlipreview.saphir.mainbase.ch\/wp-content\/uploads\/2020\/02\/Steak-side-gastro-300x300.jpg 300w, https:\/\/kuenzlipreview.saphir.mainbase.ch\/wp-content\/uploads\/2020\/02\/Steak-side-gastro-150x150.jpg 150w, https:\/\/kuenzlipreview.saphir.mainbase.ch\/wp-content\/uploads\/2020\/02\/Steak-side-gastro-600x600.jpg 600w\" sizes=\"(max-width: 720px) 100vw, 720px\" \/>\t\t\t\t\t\t\n\t\t\t\t\t<\/div>\n\t\t\t\t\t\t\t\t\n<style>\n#image_363313082 {\n  width: 100%;\n}\n<\/style>\n\t<\/div>\n\t\n\n\n\t\t<\/div>\n\t\t\n<style>\n#col-814757670 > .col-inner {\n  margin: 100px 0px 0px 0px;\n}\n<\/style>\n\t<\/div>\n\n\t\n\n<\/div>\n\n\t\t<\/div>\n\n\t\t\n<style>\n#section_1231216458 {\n  padding-top: 30px;\n  padding-bottom: 30px;\n}\n<\/style>\n\t<\/section>\n\t\n\t<section class=\"section show-for-small\" id=\"section_808408734\">\n\t\t<div class=\"bg section-bg fill bg-fill  bg-loaded\" >\n\n\t\t\t\n\t\t\t\n\t\t\t\n\n\t\t<\/div>\n\n\t\t<div class=\"section-content relative\">\n\t\t\t\n\n<div class=\"row\"  id=\"row-1198893633\">\n\n\n\t<div id=\"col-1837908337\" class=\"col small-12 large-12\"  >\n\t\t<div class=\"col-inner box-shadow-3\"  >\n\t\t\t\n\t\t\t\n\n\n  <div class=\"banner has-hover\" id=\"banner-1250183765\">\n          <div class=\"banner-inner fill\">\n        <div class=\"banner-bg fill\" >\n            <div class=\"bg fill bg-fill \"><\/div>\n                                    \n                    <\/div>\n        <div class=\"banner-layers container\">\n            <div class=\"fill banner-link\"><\/div>            \n\n\n        <\/div>\n      <\/div>\n\n            \n<style>\n#banner-1250183765 {\n  padding-top: 80%;\n  background-color: rgb(255,255,255);\n}\n#banner-1250183765 .bg.bg-loaded {\n  background-image: url(https:\/\/kuenzlipreview.saphir.mainbase.ch\/wp-content\/uploads\/2020\/10\/Gastronomie.jpg);\n}\n#banner-1250183765 .bg {\n  background-position: 61% 17%;\n}\n@media (min-width:550px) {\n  #banner-1250183765 {\n    padding-top: 48%;\n  }\n}\n@media (min-width:850px) {\n  #banner-1250183765 {\n    padding-top: 45%;\n  }\n}\n<\/style>\n  <\/div>\n\n\n\n\t\t<\/div>\n\t\t\n<style>\n#col-1837908337 > .col-inner {\n  margin: 15px 0px 0px 0px;\n}\n<\/style>\n\t<\/div>\n\n\t\n\n<\/div>\n<div class=\"row\"  id=\"row-245990278\">\n\n\n\t<div id=\"col-418371493\" class=\"col medium-8 small-12 large-8\"  >\n\t\t<div class=\"col-inner\"  >\n\t\t\t\n\t\t\t\n\n<h2 class=\"thin-font\" style=\"text-align: left;\"><span style=\"font-size: 120%;\"><span style=\"color: #ff6600;\">f\u00fcr Gastronomie<\/span><\/span><\/h2>\n<p>Frische hat bei uns Tradition und guter Geschmack oberste Priorit\u00e4t.<\/p>\n<p style=\"text-align: left;\">Unser Name steht seit 1959 f\u00fcr Wurst- und Fleischspezialit\u00e4ten von h\u00f6chster Qualit\u00e4t. Unser Sortiment umfasst Fleisch, Wurst und Schinken aus eigener Produktion sowie Gourmet-Spezialit\u00e4ten aus aller Welt. F\u00fchrend in Belieferung von Hotel- und Gastronomiegewerbe kennen wir die hohen Anspr\u00fcche, die Ihre Kunden an Sie stellen.<\/p>\n<p style=\"text-align: left;\">Wir sind f\u00fcr unseren hohen Kundenservice, rasche Lieferung und ein ausgezeichnetes Preis-\/Leistungsverh\u00e4ltnis bekannt. Diesem Ruf wollen wir auch in Zukunft gerecht werden. Wir machen keine Kompromisse \u2013 wir sorgen f\u00fcr Ihren Erfolg. Metzgerei K\u00fcnzli ist die erste Adresse, wenn es um auserlesene Fleischsorten wie SwissExcellent Beef &amp; Veal, Black Angus Rindfleisch, US Beef, Iberico Schweinefleisch oder qualit\u00e4ts Gefl\u00fcgel geht.<\/p>\n<p style=\"text-align: left;\">Unsere Dienstleistungen wissen nicht nur Top-Restaurants, Edelgastronomie und Spitzenk\u00f6che zu sch\u00e4tzen, wir sind auch spezialisiert in Belieferung von Systemgastronomie sowie sozialen Einrichtungen und Ausserhausverpflegung.<\/p>\n<div class=\"row\"  id=\"row-285816467\">\n\n\n\t<div id=\"col-1084845627\" class=\"col medium-1 small-3 large-1\"  >\n\t\t<div class=\"col-inner\"  >\n\t\t\t\n\t\t\t\n\n\n\t<a class=\"plain\" href=\"https:\/\/kuenzlipreview.saphir.mainbase.ch\/?page_id=883\" target=\"_blank\" rel=\"noopener noreferrer\" >\t<div class=\"icon-box featured-box icon-box-left text-left is-xsmall\"  >\n\t\t\t\t\t<div class=\"icon-box-img\" style=\"width: 62px\">\n\t\t\t\t<div class=\"icon\">\n\t\t\t\t\t<div class=\"icon-inner\" style=\"color:rgb(255, 102, 0);\">\n\t\t\t\t\t\t<?xml version=\"1.0\" encoding=\"utf-8\"?>\n<!-- Generator: Adobe Illustrator 23.0.3, SVG Export Plug-In . SVG Version: 6.00 Build 0)  -->\n<svg version=\"1.1\" id=\"Capa_1\" xmlns=\"http:\/\/www.w3.org\/2000\/svg\" xmlns:xlink=\"http:\/\/www.w3.org\/1999\/xlink\" x=\"0px\" y=\"0px\"\n\t viewBox=\"0 0 546 494.6\" style=\"enable-background:new 0 0 546 494.6;\" xml:space=\"preserve\">\n<style type=\"text\/css\">\n\t.st0{fill:#E7504C;}\n<\/style>\n<g>\n\t<path class=\"st0\" d=\"M192,77.3H96.5c-21.5,0-39,17.5-39,39v98.6c0,21.5,17.5,39,39,39H192c21.5,0,39-17.5,39-39v-98.6\n\t\tC231,94.7,213.5,77.3,192,77.3z M203.5,214.8c0,6.3-5.2,11.5-11.5,11.5H96.5c-6.3,0-11.5-5.2-11.5-11.5v-98.6\n\t\tc0-6.3,5.2-11.5,11.5-11.5H192c6.3,0,11.5,5.2,11.5,11.5V214.8z\"\/>\n\t<path class=\"st0\" d=\"M217.2,289.5H71.3c-7.6,0-13.7,6.2-13.7,13.7S63.7,317,71.3,317h145.9c7.6,0,13.7-6.2,13.7-13.7\n\t\tS224.8,289.5,217.2,289.5z\"\/>\n\t<path class=\"st0\" d=\"M217.2,352.7H71.3c-7.6,0-13.7,6.2-13.7,13.7s6.2,13.7,13.7,13.7h145.9c7.6,0,13.7-6.2,13.7-13.7\n\t\tS224.8,352.7,217.2,352.7z\"\/>\n\t<path class=\"st0\" d=\"M475.2,226.3H329.3c-7.6,0-13.7,6.2-13.7,13.7c0,7.6,6.2,13.7,13.7,13.7h145.9c7.6,0,13.7-6.2,13.7-13.7\n\t\tC488.9,232.5,482.8,226.3,475.2,226.3z\"\/>\n\t<path class=\"st0\" d=\"M475.2,289.5H329.3c-7.6,0-13.7,6.2-13.7,13.7s6.2,13.7,13.7,13.7h145.9c7.6,0,13.7-6.2,13.7-13.7\n\t\tS482.8,289.5,475.2,289.5z\"\/>\n\t<path class=\"st0\" d=\"M475.2,352.7H329.3c-7.6,0-13.7,6.2-13.7,13.7s6.2,13.7,13.7,13.7h145.9c7.6,0,13.7-6.2,13.7-13.7\n\t\tS482.8,352.7,475.2,352.7z\"\/>\n\t<path class=\"st0\" d=\"M423.8,6.4l-6,0.1c-16.2,0.4-32.3-0.2-47.8-0.8C346.4,4.8,324,4,302.4,6.6c-13.6,0.1-22.9,3.7-29.4,8.7\n\t\tc-6.4-5-15.7-8.6-29.3-8.7C177.1-2.2,109.6-2.2,43,6.6C19.2,7.2,0,30.4,0,58.8V433c0,28.8,19.7,52.2,44,52.2h1.3l1.3-0.3\n\t\tc65-12.8,130-12.8,193.4,0l0.2,0l31.8,9.6l31-9.4c0.1,0,0.1,0,0.2,0h1.2l1.2-0.2c64.4-11.1,129.7-11.1,194.1,0l1.2,0.2h1.2\n\t\tc24.2,0,44-23.4,44-52.2V132.3L423.8,6.4z M259.3,443.3c0,12.6-6.7,14.2-15.2,14.4c-33-6.6-66.5-9.9-100.1-9.9\n\t\tc-33.6,0-67.3,3.3-101,9.8c-8.3-0.9-15.4-12-15.4-24.6V58.8c0-13.2,7.7-24.7,16.5-24.7h0.9l0.9-0.1c64.8-8.6,130.4-8.6,195.2,0\n\t\tl0.9,0.1h0.9c10.3,0,16.5,0.9,16.5,13.2V443.3z M518.5,433c0,12.7-7.2,23.9-15.6,24.6c-66.6-11.4-134.2-11.3-200.9,0\n\t\tc-8.5-0.1-15.4-1.6-15.4-14.4v-396c0-12.4,6.2-13.2,16.5-13.2h0.9l0.8-0.1c19.7-2.5,41.2-1.6,64.1-0.7c13.7,0.5,27.8,1.1,42.4,0.9\n\t\tv71.3c0,20.9,16.9,37.8,37.8,37.8h69.1l0.2,0.2V433z\"\/>\n<\/g>\n<\/svg>\n\t\t\t\t\t<\/div>\n\t\t\t\t<\/div>\n\t\t\t<\/div>\n\t\t\t\t<div class=\"icon-box-text last-reset\">\n\t\t\t\t\t\t\t\t\t\n\n\n\t\t<\/div>\n\t<\/div>\n\t<\/a>\n\t\n\n\t\t<\/div>\n\t\t\t<\/div>\n\n\t\n\n\t<div id=\"col-1593864970\" class=\"col medium-5 small-9 large-5\"  >\n\t\t<div class=\"col-inner\"  >\n\t\t\t\n\t\t\t\n\n<h2><a class=\"thin-font\" href=\"https:\/\/kuenzlipreview.saphir.mainbase.ch\/?page_id=883\" target=\"_blank\" rel=\"noopener noreferrer\"><span style=\"font-size: 110%; color: #ff6600;\"><span style=\"font-size: 100%;\">Preislisten Gastronomie<\/span><\/span><\/a><\/h2>\n\n\t\t<\/div>\n\t\t\n<style>\n#col-1593864970 > .col-inner {\n  margin: 25px 0px 0px 0px;\n}\n<\/style>\n\t<\/div>\n\n\t\n\n<\/div>\n\n\t\t<\/div>\n\t\t\t<\/div>\n\n\t\n\n<\/div>\n\n\t\t<\/div>\n\n\t\t\n<style>\n#section_808408734 {\n  padding-top: 30px;\n  padding-bottom: 30px;\n}\n<\/style>\n\t<\/section>\n\t\n\t<section class=\"section show-for-medium hide-for-small\" id=\"section_1150318500\">\n\t\t<div class=\"bg section-bg fill bg-fill  bg-loaded\" >\n\n\t\t\t\n\t\t\t\n\t\t\t\n\n\t\t<\/div>\n\n\t\t<div class=\"section-content relative\">\n\t\t\t\n\n<div class=\"row\"  id=\"row-1554590108\">\n\n\n\t<div id=\"col-892023900\" class=\"col small-12 large-12\"  >\n\t\t<div class=\"col-inner box-shadow-3\"  >\n\t\t\t\n\t\t\t\n\n\n  <div class=\"banner has-hover\" id=\"banner-1223027611\">\n          <div class=\"banner-inner fill\">\n        <div class=\"banner-bg fill\" >\n            <div class=\"bg fill bg-fill \"><\/div>\n                                    \n                    <\/div>\n        <div class=\"banner-layers container\">\n            <div class=\"fill banner-link\"><\/div>            \n\n\n        <\/div>\n      <\/div>\n\n            \n<style>\n#banner-1223027611 {\n  padding-top: 60%;\n  background-color: rgb(255,255,255);\n}\n#banner-1223027611 .bg.bg-loaded {\n  background-image: url(https:\/\/kuenzlipreview.saphir.mainbase.ch\/wp-content\/uploads\/2020\/10\/Gastronomie.jpg);\n}\n#banner-1223027611 .bg {\n  background-position: 66% 100%;\n}\n@media (min-width:850px) {\n  #banner-1223027611 {\n    padding-top: 45%;\n  }\n}\n<\/style>\n  <\/div>\n\n\n\n\t\t<\/div>\n\t\t\n<style>\n#col-892023900 > .col-inner {\n  margin: 15px 0px 0px 0px;\n}\n<\/style>\n\t<\/div>\n\n\t\n\n<\/div>\n<div class=\"row\"  id=\"row-1438370175\">\n\n\n\t<div id=\"col-136505336\" class=\"col medium-12 small-12 large-8\"  >\n\t\t<div class=\"col-inner\"  >\n\t\t\t\n\t\t\t\n\n<h2 class=\"thin-font\" style=\"text-align: left;\"><span style=\"font-size: 120%;\"><span style=\"color: #ff6600;\">f\u00fcr Gastronomie<\/span><\/span><\/h2>\n<h3 class=\"thin-font\" style=\"text-align: left;\">Frische hat bei uns Tradition und guter Geschmack oberste Priorit\u00e4t.<\/h3>\n<p style=\"text-align: left;\">Unser Name steht seit 1959 f\u00fcr Wurst- und Fleischspezialit\u00e4ten von h\u00f6chster Qualit\u00e4t. Unser Sortiment umfasst Fleisch, Wurst und Schinken aus eigener Produktion sowie Gourmet-Spezialit\u00e4ten aus aller Welt. F\u00fchrend in Belieferung von Hotel- und Gastronomiegewerbe kennen wir die hohen Anspr\u00fcche, die Ihre Kunden an Sie stellen.<\/p>\n<p style=\"text-align: left;\">Wir sind f\u00fcr unseren hohen Kundenservice, rasche Lieferung und ein ausgezeichnetes Preis-\/Leistungsverh\u00e4ltnis bekannt. Diesem Ruf wollen wir auch in Zukunft gerecht werden. Wir machen keine Kompromisse \u2013 wir sorgen f\u00fcr Ihren Erfolg. Metzgerei K\u00fcnzli ist die erste Adresse, wenn es um auserlesene Fleischsorten wie SwissExcellent Beef &amp; Veal, Black Angus Rindfleisch, US Beef, Iberico Schweinefleisch oder qualit\u00e4ts Gefl\u00fcgel geht.<\/p>\n<p style=\"text-align: left;\">Unsere Dienstleistungen wissen nicht nur Top-Restaurants, Edelgastronomie und Spitzenk\u00f6che zu sch\u00e4tzen, wir sind auch spezialisiert in Belieferung von Systemgastronomie sowie sozialen Einrichtungen und Ausserhausverpflegung.<\/p>\n<div class=\"row\"  id=\"row-894227867\">\n\n\n\t<div id=\"col-2041777214\" class=\"col medium-2 small-6 large-1\"  >\n\t\t<div class=\"col-inner\"  >\n\t\t\t\n\t\t\t\n\n\n\t<a class=\"plain\" href=\"https:\/\/kuenzlipreview.saphir.mainbase.ch\/?page_id=883\" target=\"_blank\" rel=\"noopener noreferrer\" >\t<div class=\"icon-box featured-box icon-box-left text-left is-xsmall\"  >\n\t\t\t\t\t<div class=\"icon-box-img\" style=\"width: 62px\">\n\t\t\t\t<div class=\"icon\">\n\t\t\t\t\t<div class=\"icon-inner\" style=\"color:rgb(255, 102, 0);\">\n\t\t\t\t\t\t<?xml version=\"1.0\" encoding=\"utf-8\"?>\n<!-- Generator: Adobe Illustrator 23.0.3, SVG Export Plug-In . SVG Version: 6.00 Build 0)  -->\n<svg version=\"1.1\" id=\"Capa_1\" xmlns=\"http:\/\/www.w3.org\/2000\/svg\" xmlns:xlink=\"http:\/\/www.w3.org\/1999\/xlink\" x=\"0px\" y=\"0px\"\n\t viewBox=\"0 0 546 494.6\" style=\"enable-background:new 0 0 546 494.6;\" xml:space=\"preserve\">\n<style type=\"text\/css\">\n\t.st0{fill:#E7504C;}\n<\/style>\n<g>\n\t<path class=\"st0\" d=\"M192,77.3H96.5c-21.5,0-39,17.5-39,39v98.6c0,21.5,17.5,39,39,39H192c21.5,0,39-17.5,39-39v-98.6\n\t\tC231,94.7,213.5,77.3,192,77.3z M203.5,214.8c0,6.3-5.2,11.5-11.5,11.5H96.5c-6.3,0-11.5-5.2-11.5-11.5v-98.6\n\t\tc0-6.3,5.2-11.5,11.5-11.5H192c6.3,0,11.5,5.2,11.5,11.5V214.8z\"\/>\n\t<path class=\"st0\" d=\"M217.2,289.5H71.3c-7.6,0-13.7,6.2-13.7,13.7S63.7,317,71.3,317h145.9c7.6,0,13.7-6.2,13.7-13.7\n\t\tS224.8,289.5,217.2,289.5z\"\/>\n\t<path class=\"st0\" d=\"M217.2,352.7H71.3c-7.6,0-13.7,6.2-13.7,13.7s6.2,13.7,13.7,13.7h145.9c7.6,0,13.7-6.2,13.7-13.7\n\t\tS224.8,352.7,217.2,352.7z\"\/>\n\t<path class=\"st0\" d=\"M475.2,226.3H329.3c-7.6,0-13.7,6.2-13.7,13.7c0,7.6,6.2,13.7,13.7,13.7h145.9c7.6,0,13.7-6.2,13.7-13.7\n\t\tC488.9,232.5,482.8,226.3,475.2,226.3z\"\/>\n\t<path class=\"st0\" d=\"M475.2,289.5H329.3c-7.6,0-13.7,6.2-13.7,13.7s6.2,13.7,13.7,13.7h145.9c7.6,0,13.7-6.2,13.7-13.7\n\t\tS482.8,289.5,475.2,289.5z\"\/>\n\t<path class=\"st0\" d=\"M475.2,352.7H329.3c-7.6,0-13.7,6.2-13.7,13.7s6.2,13.7,13.7,13.7h145.9c7.6,0,13.7-6.2,13.7-13.7\n\t\tS482.8,352.7,475.2,352.7z\"\/>\n\t<path class=\"st0\" d=\"M423.8,6.4l-6,0.1c-16.2,0.4-32.3-0.2-47.8-0.8C346.4,4.8,324,4,302.4,6.6c-13.6,0.1-22.9,3.7-29.4,8.7\n\t\tc-6.4-5-15.7-8.6-29.3-8.7C177.1-2.2,109.6-2.2,43,6.6C19.2,7.2,0,30.4,0,58.8V433c0,28.8,19.7,52.2,44,52.2h1.3l1.3-0.3\n\t\tc65-12.8,130-12.8,193.4,0l0.2,0l31.8,9.6l31-9.4c0.1,0,0.1,0,0.2,0h1.2l1.2-0.2c64.4-11.1,129.7-11.1,194.1,0l1.2,0.2h1.2\n\t\tc24.2,0,44-23.4,44-52.2V132.3L423.8,6.4z M259.3,443.3c0,12.6-6.7,14.2-15.2,14.4c-33-6.6-66.5-9.9-100.1-9.9\n\t\tc-33.6,0-67.3,3.3-101,9.8c-8.3-0.9-15.4-12-15.4-24.6V58.8c0-13.2,7.7-24.7,16.5-24.7h0.9l0.9-0.1c64.8-8.6,130.4-8.6,195.2,0\n\t\tl0.9,0.1h0.9c10.3,0,16.5,0.9,16.5,13.2V443.3z M518.5,433c0,12.7-7.2,23.9-15.6,24.6c-66.6-11.4-134.2-11.3-200.9,0\n\t\tc-8.5-0.1-15.4-1.6-15.4-14.4v-396c0-12.4,6.2-13.2,16.5-13.2h0.9l0.8-0.1c19.7-2.5,41.2-1.6,64.1-0.7c13.7,0.5,27.8,1.1,42.4,0.9\n\t\tv71.3c0,20.9,16.9,37.8,37.8,37.8h69.1l0.2,0.2V433z\"\/>\n<\/g>\n<\/svg>\n\t\t\t\t\t<\/div>\n\t\t\t\t<\/div>\n\t\t\t<\/div>\n\t\t\t\t<div class=\"icon-box-text last-reset\">\n\t\t\t\t\t\t\t\t\t\n\n\n\t\t<\/div>\n\t<\/div>\n\t<\/a>\n\t\n\n\t\t<\/div>\n\t\t\t<\/div>\n\n\t\n\n\t<div id=\"col-386743772\" class=\"col medium-6 small-6 large-5\"  >\n\t\t<div class=\"col-inner text-left\"  >\n\t\t\t\n\t\t\t\n\n<h2><a class=\"thin-font\" href=\"https:\/\/kuenzlipreview.saphir.mainbase.ch\/?page_id=883\" target=\"_blank\" rel=\"noopener noreferrer\"><span style=\"font-size: 110%; color: #ff6600;\"><span style=\"font-size: 100%;\">Preislisten Gastronomie<\/span><\/span><\/a><\/h2>\n\n\t\t<\/div>\n\t\t\n<style>\n#col-386743772 > .col-inner {\n  margin: 25px 0px 0px 0;\n}\n<\/style>\n\t<\/div>\n\n\t\n\n<\/div>\n\n\t\t<\/div>\n\t\t\t<\/div>\n\n\t\n\n<\/div>\n\n\t\t<\/div>\n\n\t\t\n<style>\n#section_1150318500 {\n  padding-top: 30px;\n  padding-bottom: 30px;\n}\n<\/style>\n\t<\/section>\n\t\n\n","protected":false},"excerpt":{"rendered":"","protected":false},"author":1,"featured_media":0,"parent":0,"menu_order":0,"comment_status":"closed","ping_status":"closed","template":"page-blank.php","meta":{"spay_email":""},"_links":{"self":[{"href":"https:\/\/kuenzlipreview.saphir.mainbase.ch\/index.php?rest_route=\/wp\/v2\/pages\/248"}],"collection":[{"href":"https:\/\/kuenzlipreview.saphir.mainbase.ch\/index.php?rest_route=\/wp\/v2\/pages"}],"about":[{"href":"https:\/\/kuenzlipreview.saphir.mainbase.ch\/index.php?rest_route=\/wp\/v2\/types\/page"}],"author":[{"embeddable":true,"href":"https:\/\/kuenzlipreview.saphir.mainbase.ch\/index.php?rest_route=\/wp\/v2\/users\/1"}],"replies":[{"embeddable":true,"href":"https:\/\/kuenzlipreview.saphir.mainbase.ch\/index.php?rest_route=%2Fwp%2Fv2%2Fcomments&post=248"}],"version-history":[{"count":45,"href":"https:\/\/kuenzlipreview.saphir.mainbase.ch\/index.php?rest_route=\/wp\/v2\/pages\/248\/revisions"}],"predecessor-version":[{"id":2846,"href":"https:\/\/kuenzlipreview.saphir.mainbase.ch\/index.php?rest_route=\/wp\/v2\/pages\/248\/revisions\/2846"}],"wp:attachment":[{"href":"https:\/\/kuenzlipreview.saphir.mainbase.ch\/index.php?rest_route=%2Fwp%2Fv2%2Fmedia&parent=248"}],"curies":[{"name":"wp","href":"https:\/\/api.w.org\/{rel}","templated":true}]}}