{"id":230,"date":"2020-02-06T14:28:53","date_gmt":"2020-02-06T14:28:53","guid":{"rendered":"http:\/\/kuenzlipreview.saphir.mainbase.ch\/?page_id=230"},"modified":"2020-10-23T13:45:08","modified_gmt":"2020-10-23T13:45:08","slug":"metzgerei","status":"publish","type":"page","link":"https:\/\/kuenzlipreview.saphir.mainbase.ch\/?page_id=230","title":{"rendered":"Metzgerei"},"content":{"rendered":"\n\t<section class=\"section hide-for-medium\" id=\"section_1613478128\">\n\t\t<div class=\"bg section-bg fill bg-fill  bg-loaded\" >\n\n\t\t\t\n\t\t\t\n\t\t\t\n\n\t\t<\/div>\n\n\t\t<div class=\"section-content relative\">\n\t\t\t\n\n<div class=\"row\"  id=\"row-1397280684\">\n\n\n\t<div id=\"col-2128343637\" class=\"col small-12 large-12\"  >\n\t\t<div class=\"col-inner box-shadow-3\"  >\n\t\t\t\n\t\t\t\n\n\n  <div class=\"banner has-hover\" id=\"banner-1434111711\">\n          <div class=\"banner-inner fill\">\n        <div class=\"banner-bg fill\" >\n            <div class=\"bg fill bg-fill \"><\/div>\n                                    \n                    <\/div>\n        <div class=\"banner-layers container\">\n            <div class=\"fill banner-link\"><\/div>            \n\n   <div id=\"text-box-1090062788\" class=\"text-box banner-layer x50 md-x50 lg-x50 y50 md-y50 lg-y50 res-text\">\n                                <div class=\"text-box-content text dark\">\n              \n              <div class=\"text-inner text-center\">\n                  \n\n\n              <\/div>\n           <\/div>\n                            \n<style>\n#text-box-1090062788 {\n  width: 60%;\n}\n#text-box-1090062788 .text-box-content {\n  font-size: 100%;\n}\n@media (min-width:550px) {\n  #text-box-1090062788 {\n    width: 60%;\n  }\n}\n<\/style>\n    <\/div>\n \n\n        <\/div>\n      <\/div>\n\n            \n<style>\n#banner-1434111711 {\n  padding-top: 45%;\n  background-color: rgb(255,255,255);\n}\n#banner-1434111711 .bg.bg-loaded {\n  background-image: url(https:\/\/kuenzlipreview.saphir.mainbase.ch\/wp-content\/uploads\/2020\/10\/Metzger.jpg);\n}\n#banner-1434111711 .bg {\n  background-position: 51% 79%;\n}\n<\/style>\n  <\/div>\n\n\n\n\t\t<\/div>\n\t\t\t<\/div>\n\n\t\n\n\n<style>\n#row-1397280684 > .col > .col-inner {\n  padding: 0px 0px 0px 0px;\n}\n<\/style>\n<\/div>\n<div class=\"row\"  id=\"row-660179278\">\n\n\n\t<div id=\"col-313601616\" class=\"col medium-8 small-12 large-8\"  >\n\t\t<div class=\"col-inner\"  >\n\t\t\t\n\t\t\t\n\n<h3>\u00a0<\/h3>\n<h2 class=\"thin-font\" style=\"text-align: left;\"><span style=\"font-size: 120%;\"><span style=\"color: #ff6600;\">von Metzger zu Metzger<br \/><\/span><\/span><\/h2>\n<p style=\"text-align: left;\"><span style=\"font-size: 120%;\"><br \/><span style=\"font-size: 100%;\">Vielf\u00e4ltig, frisch und geschmackvoll \u2026 Die t\u00e4gliche, eigene Herstellung macht es m\u00f6glich. Als Repr\u00e4sentanten eines starken Metzgerhandwerks engagieren wir uns f\u00fcr die erfolgreiche Zukunft unserer Branche. Kollegiales Miteinander unter Partnern schafft Vertrauen und pr\u00e4gt die Zusammenarbeit. So k\u00f6nnen wir gemeinsam der zunehmenden Industrialisierung unseres Handwerks trotzen. Als Hersteller von Fleisch- und Wurstwaren sind wir stolz auf \u00fcber 60-j\u00e4hrige Tradition. Mit Ehrgeiz, Begeisterung und Kreativit\u00e4t schaffen wir ein vielf\u00e4ltiges, excellentes Fleisch- und Wurstangebot sowie altverwurzelte Spezialit\u00e4ten \u201cus em Burerauch\u201d. Hierbei lassen wir uns sowohl von traditionellen Rezepturen als auch von zeitgem\u00e4ssen Ern\u00e4hrungsbed\u00fcrfnissen inspirieren. 95% aller Wurstsorten, Fleischwaren und Schinkenspezialit\u00e4ten werden in unserer Metzgerei selbst hergestellt. Bei der Verarbeitung verwenden wir ausschliesslich Qualit\u00e4tsfleisch aus besonders artgerechter Tierhaltung. Dadurch erhalten unsere Produkte ein nat\u00fcrliches Aussehen, einen guten Biss und einen unverf\u00e4lschten sowie individuellen Geschmack.<\/span><\/span><\/p>\n\n\t\t<\/div>\n\t\t\t<\/div>\n\n\t\n\n\t<div id=\"col-634675544\" class=\"col medium-4 small-12 large-4\"  >\n\t\t<div class=\"col-inner box-shadow-3\"  >\n\t\t\t\n\t\t\t\n\n\t<div class=\"img has-hover x md-x lg-x y md-y lg-y\" id=\"image_1552438636\">\n\t\t\t\t\t\t\t\t<div class=\"img-inner dark\" >\n\t\t\t<img width=\"710\" height=\"710\" src=\"https:\/\/kuenzlipreview.saphir.mainbase.ch\/wp-content\/uploads\/2020\/02\/Siderbar-Metzger.jpg\" class=\"attachment-large size-large\" alt=\"\" loading=\"lazy\" srcset=\"https:\/\/kuenzlipreview.saphir.mainbase.ch\/wp-content\/uploads\/2020\/02\/Siderbar-Metzger.jpg 710w, https:\/\/kuenzlipreview.saphir.mainbase.ch\/wp-content\/uploads\/2020\/02\/Siderbar-Metzger-100x100.jpg 100w, https:\/\/kuenzlipreview.saphir.mainbase.ch\/wp-content\/uploads\/2020\/02\/Siderbar-Metzger-300x300.jpg 300w, https:\/\/kuenzlipreview.saphir.mainbase.ch\/wp-content\/uploads\/2020\/02\/Siderbar-Metzger-150x150.jpg 150w, https:\/\/kuenzlipreview.saphir.mainbase.ch\/wp-content\/uploads\/2020\/02\/Siderbar-Metzger-600x600.jpg 600w\" sizes=\"(max-width: 710px) 100vw, 710px\" \/>\t\t\t\t\t\t\n\t\t\t\t\t<\/div>\n\t\t\t\t\t\t\t\t\n<style>\n#image_1552438636 {\n  width: 100%;\n}\n<\/style>\n\t<\/div>\n\t\n\n\n\t\t<\/div>\n\t\t\n<style>\n#col-634675544 > .col-inner {\n  margin: 100px 0px 0px 0px;\n}\n<\/style>\n\t<\/div>\n\n\t\n\n<\/div>\n<div class=\"row\"  id=\"row-974254067\">\n\n\n\t<div id=\"col-600158933\" class=\"col medium-1 small-6 large-1\"  >\n\t\t<div class=\"col-inner\"  >\n\t\t\t\n\t\t\t\n\n\n\t<a class=\"plain\" href=\"https:\/\/kuenzlipreview.saphir.mainbase.ch\/?page_id=870\" target=\"_blank\" rel=\"noopener noreferrer\" >\t<div class=\"icon-box featured-box icon-box-left text-left is-xsmall\"  >\n\t\t\t\t\t<div class=\"icon-box-img\" style=\"width: 62px\">\n\t\t\t\t<div class=\"icon\">\n\t\t\t\t\t<div class=\"icon-inner\" style=\"color:rgb(255, 102, 0);\">\n\t\t\t\t\t\t<?xml version=\"1.0\" encoding=\"utf-8\"?>\n<!-- Generator: Adobe Illustrator 23.0.3, SVG Export Plug-In . SVG Version: 6.00 Build 0)  -->\n<svg version=\"1.1\" id=\"Capa_1\" xmlns=\"http:\/\/www.w3.org\/2000\/svg\" xmlns:xlink=\"http:\/\/www.w3.org\/1999\/xlink\" x=\"0px\" y=\"0px\"\n\t viewBox=\"0 0 546 494.6\" style=\"enable-background:new 0 0 546 494.6;\" xml:space=\"preserve\">\n<style type=\"text\/css\">\n\t.st0{fill:#E7504C;}\n<\/style>\n<g>\n\t<path class=\"st0\" d=\"M192,77.3H96.5c-21.5,0-39,17.5-39,39v98.6c0,21.5,17.5,39,39,39H192c21.5,0,39-17.5,39-39v-98.6\n\t\tC231,94.7,213.5,77.3,192,77.3z M203.5,214.8c0,6.3-5.2,11.5-11.5,11.5H96.5c-6.3,0-11.5-5.2-11.5-11.5v-98.6\n\t\tc0-6.3,5.2-11.5,11.5-11.5H192c6.3,0,11.5,5.2,11.5,11.5V214.8z\"\/>\n\t<path class=\"st0\" d=\"M217.2,289.5H71.3c-7.6,0-13.7,6.2-13.7,13.7S63.7,317,71.3,317h145.9c7.6,0,13.7-6.2,13.7-13.7\n\t\tS224.8,289.5,217.2,289.5z\"\/>\n\t<path class=\"st0\" d=\"M217.2,352.7H71.3c-7.6,0-13.7,6.2-13.7,13.7s6.2,13.7,13.7,13.7h145.9c7.6,0,13.7-6.2,13.7-13.7\n\t\tS224.8,352.7,217.2,352.7z\"\/>\n\t<path class=\"st0\" d=\"M475.2,226.3H329.3c-7.6,0-13.7,6.2-13.7,13.7c0,7.6,6.2,13.7,13.7,13.7h145.9c7.6,0,13.7-6.2,13.7-13.7\n\t\tC488.9,232.5,482.8,226.3,475.2,226.3z\"\/>\n\t<path class=\"st0\" d=\"M475.2,289.5H329.3c-7.6,0-13.7,6.2-13.7,13.7s6.2,13.7,13.7,13.7h145.9c7.6,0,13.7-6.2,13.7-13.7\n\t\tS482.8,289.5,475.2,289.5z\"\/>\n\t<path class=\"st0\" d=\"M475.2,352.7H329.3c-7.6,0-13.7,6.2-13.7,13.7s6.2,13.7,13.7,13.7h145.9c7.6,0,13.7-6.2,13.7-13.7\n\t\tS482.8,352.7,475.2,352.7z\"\/>\n\t<path class=\"st0\" d=\"M423.8,6.4l-6,0.1c-16.2,0.4-32.3-0.2-47.8-0.8C346.4,4.8,324,4,302.4,6.6c-13.6,0.1-22.9,3.7-29.4,8.7\n\t\tc-6.4-5-15.7-8.6-29.3-8.7C177.1-2.2,109.6-2.2,43,6.6C19.2,7.2,0,30.4,0,58.8V433c0,28.8,19.7,52.2,44,52.2h1.3l1.3-0.3\n\t\tc65-12.8,130-12.8,193.4,0l0.2,0l31.8,9.6l31-9.4c0.1,0,0.1,0,0.2,0h1.2l1.2-0.2c64.4-11.1,129.7-11.1,194.1,0l1.2,0.2h1.2\n\t\tc24.2,0,44-23.4,44-52.2V132.3L423.8,6.4z M259.3,443.3c0,12.6-6.7,14.2-15.2,14.4c-33-6.6-66.5-9.9-100.1-9.9\n\t\tc-33.6,0-67.3,3.3-101,9.8c-8.3-0.9-15.4-12-15.4-24.6V58.8c0-13.2,7.7-24.7,16.5-24.7h0.9l0.9-0.1c64.8-8.6,130.4-8.6,195.2,0\n\t\tl0.9,0.1h0.9c10.3,0,16.5,0.9,16.5,13.2V443.3z M518.5,433c0,12.7-7.2,23.9-15.6,24.6c-66.6-11.4-134.2-11.3-200.9,0\n\t\tc-8.5-0.1-15.4-1.6-15.4-14.4v-396c0-12.4,6.2-13.2,16.5-13.2h0.9l0.8-0.1c19.7-2.5,41.2-1.6,64.1-0.7c13.7,0.5,27.8,1.1,42.4,0.9\n\t\tv71.3c0,20.9,16.9,37.8,37.8,37.8h69.1l0.2,0.2V433z\"\/>\n<\/g>\n<\/svg>\n\t\t\t\t\t<\/div>\n\t\t\t\t<\/div>\n\t\t\t<\/div>\n\t\t\t\t<div class=\"icon-box-text last-reset\">\n\t\t\t\t\t\t\t\t\t\n\n\n\t\t<\/div>\n\t<\/div>\n\t<\/a>\n\t\n\n\t\t<\/div>\n\t\t\t<\/div>\n\n\t\n\n\t<div id=\"col-1666521431\" class=\"col medium-5 small-6 large-5\"  >\n\t\t<div class=\"col-inner\"  >\n\t\t\t\n\t\t\t\n\n<h2><a class=\"thin-font\" href=\"https:\/\/kuenzlipreview.saphir.mainbase.ch\/?page_id=870\" target=\"_blank\" rel=\"noopener noreferrer\"><span style=\"font-size: 110%; color: #ff6600;\"><span style=\"font-size: 100%;\">Preislisten Metzger<\/span><\/span><\/a><\/h2>\n\n\t\t<\/div>\n\t\t\n<style>\n#col-1666521431 > .col-inner {\n  margin: 25px 0px 0px -25px;\n}\n<\/style>\n\t<\/div>\n\n\t\n\n\t<div id=\"col-1718018743\" class=\"col medium-4 small-6 large-4\"  >\n\t\t<div class=\"col-inner\"  >\n\t\t\t\n\t\t\t\n\n\n\t\t<\/div>\n\t\t\t<\/div>\n\n\t\n\n<\/div>\n\n\t\t<\/div>\n\n\t\t\n<style>\n#section_1613478128 {\n  padding-top: 30px;\n  padding-bottom: 30px;\n}\n<\/style>\n\t<\/section>\n\t\n\t<section class=\"section show-for-small\" id=\"section_314332557\">\n\t\t<div class=\"bg section-bg fill bg-fill  bg-loaded\" >\n\n\t\t\t\n\t\t\t\n\t\t\t\n\n\t\t<\/div>\n\n\t\t<div class=\"section-content relative\">\n\t\t\t\n\n<div class=\"row\"  id=\"row-1240470262\">\n\n\n\t<div id=\"col-1400613846\" class=\"col small-12 large-12\"  >\n\t\t<div class=\"col-inner box-shadow-3\"  >\n\t\t\t\n\t\t\t\n\n\n  <div class=\"banner has-hover\" id=\"banner-932553797\">\n          <div class=\"banner-inner fill\">\n        <div class=\"banner-bg fill\" >\n            <div class=\"bg fill bg-fill \"><\/div>\n                                    \n                    <\/div>\n        <div class=\"banner-layers container\">\n            <div class=\"fill banner-link\"><\/div>            \n\n   <div id=\"text-box-375348916\" class=\"text-box banner-layer x50 md-x50 lg-x50 y50 md-y50 lg-y50 res-text\">\n                                <div class=\"text-box-content text dark\">\n              \n              <div class=\"text-inner text-center\">\n                  \n\n\n              <\/div>\n           <\/div>\n                            \n<style>\n#text-box-375348916 {\n  width: 60%;\n}\n#text-box-375348916 .text-box-content {\n  font-size: 100%;\n}\n@media (min-width:550px) {\n  #text-box-375348916 {\n    width: 60%;\n  }\n}\n<\/style>\n    <\/div>\n \n\n        <\/div>\n      <\/div>\n\n            \n<style>\n#banner-932553797 {\n  padding-top: 80%;\n  background-color: rgb(255,255,255);\n}\n#banner-932553797 .bg.bg-loaded {\n  background-image: url(https:\/\/kuenzlipreview.saphir.mainbase.ch\/wp-content\/uploads\/2020\/10\/Metzger-1024x536.jpg);\n}\n#banner-932553797 .bg {\n  background-position: 44% 5%;\n}\n@media (min-width:550px) {\n  #banner-932553797 {\n    padding-top: 45%;\n  }\n}\n<\/style>\n  <\/div>\n\n\n\n\t\t<\/div>\n\t\t\t<\/div>\n\n\t\n\n\n<style>\n#row-1240470262 > .col > .col-inner {\n  padding: 0px 0px 0px 0px;\n}\n<\/style>\n<\/div>\n<div class=\"row\"  id=\"row-81770624\">\n\n\n\t<div id=\"col-1660025346\" class=\"col medium-8 small-12 large-8\"  >\n\t\t<div class=\"col-inner\"  >\n\t\t\t\n\t\t\t\n\n<h2 class=\"thin-font\" style=\"text-align: left;\"><span style=\"font-size: 120%;\"><span style=\"color: #ff6600;\">von Metzger zu Metzger<br \/><\/span><\/span><\/h2>\n<p style=\"text-align: left;\"><span style=\"font-size: 120%;\"><br \/><\/span>Vielf\u00e4ltig, frisch und geschmackvoll \u2026<\/p>\n<p style=\"text-align: left;\">Die t\u00e4gliche, eigene Herstellung macht es m\u00f6glich. Als Repr\u00e4sentanten eines starken Metzgerhandwerks engagieren wir uns f\u00fcr die erfolgreiche Zukunft unserer Branche. Kollegiales Miteinander unter Partnern schafft Vertrauen und pr\u00e4gt die Zusammenarbeit. So k\u00f6nnen wir gemeinsam der zunehmenden Industrialisierung unseres Handwerks trotzen.<\/p>\n<p style=\"text-align: left;\">Als Hersteller von Fleisch- und Wurstwaren sind wir stolz auf \u00fcber 60-j\u00e4hrige Tradition. Mit Ehrgeiz, Begeisterung und Kreativit\u00e4t schaffen wir ein vielf\u00e4ltiges, excellentes Fleisch- und Wurstangebot sowie altverwurzelte Spezialit\u00e4ten \u201cus em Burerauch\u201d. Hierbei lassen wir uns sowohl von traditionellen Rezepturen als auch von zeitgem\u00e4ssen Ern\u00e4hrungsbed\u00fcrfnissen inspirieren. 95% aller Wurstsorten, Fleischwaren und Schinkenspezialit\u00e4ten werden in unserer Metzgerei selbst hergestellt.<\/p>\n<p style=\"text-align: left;\">Bei der Verarbeitung verwenden wir ausschliesslich Qualit\u00e4tsfleisch aus besonders artgerechter Tierhaltung. Dadurch erhalten unsere Produkte ein nat\u00fcrliches Aussehen, einen guten Biss und einen unverf\u00e4lschten sowie individuellen Geschmack.<\/p>\n\n\t\t<\/div>\n\t\t\t<\/div>\n\n\t\n\n<\/div>\n<div class=\"row\"  id=\"row-968036133\">\n\n\n\t<div id=\"col-1827439811\" class=\"col medium-1 small-4 large-1\"  >\n\t\t<div class=\"col-inner\"  >\n\t\t\t\n\t\t\t\n\n\n\t<a class=\"plain\" href=\"https:\/\/kuenzlipreview.saphir.mainbase.ch\/?page_id=870\" target=\"_blank\" rel=\"noopener noreferrer\" >\t<div class=\"icon-box featured-box icon-box-left text-left is-xsmall\"  >\n\t\t\t\t\t<div class=\"icon-box-img\" style=\"width: 62px\">\n\t\t\t\t<div class=\"icon\">\n\t\t\t\t\t<div class=\"icon-inner\" style=\"color:rgb(255, 102, 0);\">\n\t\t\t\t\t\t<?xml version=\"1.0\" encoding=\"utf-8\"?>\n<!-- Generator: Adobe Illustrator 23.0.3, SVG Export Plug-In . SVG Version: 6.00 Build 0)  -->\n<svg version=\"1.1\" id=\"Capa_1\" xmlns=\"http:\/\/www.w3.org\/2000\/svg\" xmlns:xlink=\"http:\/\/www.w3.org\/1999\/xlink\" x=\"0px\" y=\"0px\"\n\t viewBox=\"0 0 546 494.6\" style=\"enable-background:new 0 0 546 494.6;\" xml:space=\"preserve\">\n<style type=\"text\/css\">\n\t.st0{fill:#E7504C;}\n<\/style>\n<g>\n\t<path class=\"st0\" d=\"M192,77.3H96.5c-21.5,0-39,17.5-39,39v98.6c0,21.5,17.5,39,39,39H192c21.5,0,39-17.5,39-39v-98.6\n\t\tC231,94.7,213.5,77.3,192,77.3z M203.5,214.8c0,6.3-5.2,11.5-11.5,11.5H96.5c-6.3,0-11.5-5.2-11.5-11.5v-98.6\n\t\tc0-6.3,5.2-11.5,11.5-11.5H192c6.3,0,11.5,5.2,11.5,11.5V214.8z\"\/>\n\t<path class=\"st0\" d=\"M217.2,289.5H71.3c-7.6,0-13.7,6.2-13.7,13.7S63.7,317,71.3,317h145.9c7.6,0,13.7-6.2,13.7-13.7\n\t\tS224.8,289.5,217.2,289.5z\"\/>\n\t<path class=\"st0\" d=\"M217.2,352.7H71.3c-7.6,0-13.7,6.2-13.7,13.7s6.2,13.7,13.7,13.7h145.9c7.6,0,13.7-6.2,13.7-13.7\n\t\tS224.8,352.7,217.2,352.7z\"\/>\n\t<path class=\"st0\" d=\"M475.2,226.3H329.3c-7.6,0-13.7,6.2-13.7,13.7c0,7.6,6.2,13.7,13.7,13.7h145.9c7.6,0,13.7-6.2,13.7-13.7\n\t\tC488.9,232.5,482.8,226.3,475.2,226.3z\"\/>\n\t<path class=\"st0\" d=\"M475.2,289.5H329.3c-7.6,0-13.7,6.2-13.7,13.7s6.2,13.7,13.7,13.7h145.9c7.6,0,13.7-6.2,13.7-13.7\n\t\tS482.8,289.5,475.2,289.5z\"\/>\n\t<path class=\"st0\" d=\"M475.2,352.7H329.3c-7.6,0-13.7,6.2-13.7,13.7s6.2,13.7,13.7,13.7h145.9c7.6,0,13.7-6.2,13.7-13.7\n\t\tS482.8,352.7,475.2,352.7z\"\/>\n\t<path class=\"st0\" d=\"M423.8,6.4l-6,0.1c-16.2,0.4-32.3-0.2-47.8-0.8C346.4,4.8,324,4,302.4,6.6c-13.6,0.1-22.9,3.7-29.4,8.7\n\t\tc-6.4-5-15.7-8.6-29.3-8.7C177.1-2.2,109.6-2.2,43,6.6C19.2,7.2,0,30.4,0,58.8V433c0,28.8,19.7,52.2,44,52.2h1.3l1.3-0.3\n\t\tc65-12.8,130-12.8,193.4,0l0.2,0l31.8,9.6l31-9.4c0.1,0,0.1,0,0.2,0h1.2l1.2-0.2c64.4-11.1,129.7-11.1,194.1,0l1.2,0.2h1.2\n\t\tc24.2,0,44-23.4,44-52.2V132.3L423.8,6.4z M259.3,443.3c0,12.6-6.7,14.2-15.2,14.4c-33-6.6-66.5-9.9-100.1-9.9\n\t\tc-33.6,0-67.3,3.3-101,9.8c-8.3-0.9-15.4-12-15.4-24.6V58.8c0-13.2,7.7-24.7,16.5-24.7h0.9l0.9-0.1c64.8-8.6,130.4-8.6,195.2,0\n\t\tl0.9,0.1h0.9c10.3,0,16.5,0.9,16.5,13.2V443.3z M518.5,433c0,12.7-7.2,23.9-15.6,24.6c-66.6-11.4-134.2-11.3-200.9,0\n\t\tc-8.5-0.1-15.4-1.6-15.4-14.4v-396c0-12.4,6.2-13.2,16.5-13.2h0.9l0.8-0.1c19.7-2.5,41.2-1.6,64.1-0.7c13.7,0.5,27.8,1.1,42.4,0.9\n\t\tv71.3c0,20.9,16.9,37.8,37.8,37.8h69.1l0.2,0.2V433z\"\/>\n<\/g>\n<\/svg>\n\t\t\t\t\t<\/div>\n\t\t\t\t<\/div>\n\t\t\t<\/div>\n\t\t\t\t<div class=\"icon-box-text last-reset\">\n\t\t\t\t\t\t\t\t\t\n\n\n\t\t<\/div>\n\t<\/div>\n\t<\/a>\n\t\n\n\t\t<\/div>\n\t\t\t<\/div>\n\n\t\n\n\t<div id=\"col-644366981\" class=\"col medium-5 small-8 large-5\"  >\n\t\t<div class=\"col-inner\"  >\n\t\t\t\n\t\t\t\n\n<h2><a class=\"thin-font\" href=\"https:\/\/kuenzlipreview.saphir.mainbase.ch\/?page_id=870\" target=\"_blank\" rel=\"noopener noreferrer\"><span style=\"font-size: 110%; color: #ff6600;\"><span style=\"font-size: 100%;\">Preislisten Metzger<\/span><\/span><\/a><\/h2>\n\n\t\t<\/div>\n\t\t\n<style>\n#col-644366981 > .col-inner {\n  margin: 25px 0px 0px -25px;\n}\n<\/style>\n\t<\/div>\n\n\t\n\n\t<div id=\"col-301951967\" class=\"col medium-4 small-6 large-4\"  >\n\t\t<div class=\"col-inner\"  >\n\t\t\t\n\t\t\t\n\n\n\t\t<\/div>\n\t\t\t<\/div>\n\n\t\n\n<\/div>\n\n\t\t<\/div>\n\n\t\t\n<style>\n#section_314332557 {\n  padding-top: 30px;\n  padding-bottom: 30px;\n}\n<\/style>\n\t<\/section>\n\t\n\t<section class=\"section show-for-medium hide-for-small\" id=\"section_398553570\">\n\t\t<div class=\"bg section-bg fill bg-fill  bg-loaded\" >\n\n\t\t\t\n\t\t\t\n\t\t\t\n\n\t\t<\/div>\n\n\t\t<div class=\"section-content relative\">\n\t\t\t\n\n<div class=\"row\"  id=\"row-1970551845\">\n\n\n\t<div id=\"col-223101551\" class=\"col small-12 large-12\"  >\n\t\t<div class=\"col-inner box-shadow-3\"  >\n\t\t\t\n\t\t\t\n\n\n  <div class=\"banner has-hover\" id=\"banner-912353961\">\n          <div class=\"banner-inner fill\">\n        <div class=\"banner-bg fill\" >\n            <div class=\"bg fill bg-fill \"><\/div>\n                                    \n                    <\/div>\n        <div class=\"banner-layers container\">\n            <div class=\"fill banner-link\"><\/div>            \n\n   <div id=\"text-box-286140140\" class=\"text-box banner-layer x50 md-x50 lg-x50 y50 md-y50 lg-y50 res-text\">\n                                <div class=\"text-box-content text dark\">\n              \n              <div class=\"text-inner text-center\">\n                  \n\n\n              <\/div>\n           <\/div>\n                            \n<style>\n#text-box-286140140 {\n  width: 60%;\n}\n#text-box-286140140 .text-box-content {\n  font-size: 100%;\n}\n@media (min-width:550px) {\n  #text-box-286140140 {\n    width: 60%;\n  }\n}\n<\/style>\n    <\/div>\n \n\n        <\/div>\n      <\/div>\n\n            \n<style>\n#banner-912353961 {\n  padding-top: 60%;\n  background-color: rgb(255,255,255);\n}\n#banner-912353961 .bg.bg-loaded {\n  background-image: url(https:\/\/kuenzlipreview.saphir.mainbase.ch\/wp-content\/uploads\/2020\/10\/Metzger.jpg);\n}\n#banner-912353961 .bg {\n  background-position: 79% 33%;\n}\n@media (min-width:850px) {\n  #banner-912353961 {\n    padding-top: 45%;\n  }\n}\n<\/style>\n  <\/div>\n\n\n\n\t\t<\/div>\n\t\t\t<\/div>\n\n\t\n\n\n<style>\n#row-1970551845 > .col > .col-inner {\n  padding: 0px 0px 0px 0px;\n}\n<\/style>\n<\/div>\n<div class=\"row\"  id=\"row-1854139100\">\n\n\n\t<div id=\"col-1621842037\" class=\"col medium-12 small-12 large-8\"  >\n\t\t<div class=\"col-inner\"  >\n\t\t\t\n\t\t\t\n\n<h2 class=\"thin-font\" style=\"text-align: left;\"><span style=\"font-size: 120%;\"><span style=\"color: #ff6600;\">von Metzger zu Metzger<br \/><\/span><\/span><\/h2>\n<h3 class=\"thin-font\">Vielf\u00e4ltig, frisch und geschmackvoll\u2026<\/h3>\n<p>Die t\u00e4gliche, eigene Herstellung macht es m\u00f6glich. Als Repr\u00e4sentanten eines starken Metzgerhandwerks engagieren wir uns f\u00fcr die erfolgreiche Zukunft unserer Branche. Kollegiales Miteinander unter Partnern schafft Vertrauen und pr\u00e4gt die Zusammenarbeit. So k\u00f6nnen wir gemeinsam der zunehmenden Industrialisierung unseres Handwerks trotzen.<\/p>\n<p>Als Hersteller von Fleisch- und Wurstwaren sind wir stolz auf \u00fcber 60-j\u00e4hrige Tradition. Mit Ehrgeiz, Begeisterung und Kreativit\u00e4t schaffen wir ein vielf\u00e4ltiges, excellentes Fleisch- und Wurstangebot sowie altverwurzelte Spezialit\u00e4ten \u201cus em Burerauch\u201d. Hierbei lassen wir uns sowohl von traditionellen Rezepturen als auch von zeitgem\u00e4ssen Ern\u00e4hrungsbed\u00fcrfnissen inspirieren. 95% aller Wurstsorten, Fleischwaren und Schinkenspezialit\u00e4ten werden in unserer Metzgerei selbst hergestellt.<\/p>\n<p>Bei der Verarbeitung verwenden wir ausschliesslich Qualit\u00e4tsfleisch aus besonders artgerechter Tierhaltung. Dadurch erhalten unsere Produkte ein nat\u00fcrliches Aussehen, einen guten Biss und einen unverf\u00e4lschten sowie individuellen Geschmack.<\/p>\n\n\t\t<\/div>\n\t\t\t<\/div>\n\n\t\n\n<\/div>\n<div class=\"row\"  id=\"row-1382835195\">\n\n\n\t<div id=\"col-834204650\" class=\"col medium-2 small-6 large-1\"  >\n\t\t<div class=\"col-inner\"  >\n\t\t\t\n\t\t\t\n\n\n\t<a class=\"plain\" href=\"https:\/\/kuenzlipreview.saphir.mainbase.ch\/?page_id=870\" target=\"_blank\" rel=\"noopener noreferrer\" >\t<div class=\"icon-box featured-box icon-box-left text-left is-xsmall\"  >\n\t\t\t\t\t<div class=\"icon-box-img\" style=\"width: 62px\">\n\t\t\t\t<div class=\"icon\">\n\t\t\t\t\t<div class=\"icon-inner\" style=\"color:rgb(255, 102, 0);\">\n\t\t\t\t\t\t<?xml version=\"1.0\" encoding=\"utf-8\"?>\n<!-- Generator: Adobe Illustrator 23.0.3, SVG Export Plug-In . SVG Version: 6.00 Build 0)  -->\n<svg version=\"1.1\" id=\"Capa_1\" xmlns=\"http:\/\/www.w3.org\/2000\/svg\" xmlns:xlink=\"http:\/\/www.w3.org\/1999\/xlink\" x=\"0px\" y=\"0px\"\n\t viewBox=\"0 0 546 494.6\" style=\"enable-background:new 0 0 546 494.6;\" xml:space=\"preserve\">\n<style type=\"text\/css\">\n\t.st0{fill:#E7504C;}\n<\/style>\n<g>\n\t<path class=\"st0\" d=\"M192,77.3H96.5c-21.5,0-39,17.5-39,39v98.6c0,21.5,17.5,39,39,39H192c21.5,0,39-17.5,39-39v-98.6\n\t\tC231,94.7,213.5,77.3,192,77.3z M203.5,214.8c0,6.3-5.2,11.5-11.5,11.5H96.5c-6.3,0-11.5-5.2-11.5-11.5v-98.6\n\t\tc0-6.3,5.2-11.5,11.5-11.5H192c6.3,0,11.5,5.2,11.5,11.5V214.8z\"\/>\n\t<path class=\"st0\" d=\"M217.2,289.5H71.3c-7.6,0-13.7,6.2-13.7,13.7S63.7,317,71.3,317h145.9c7.6,0,13.7-6.2,13.7-13.7\n\t\tS224.8,289.5,217.2,289.5z\"\/>\n\t<path class=\"st0\" d=\"M217.2,352.7H71.3c-7.6,0-13.7,6.2-13.7,13.7s6.2,13.7,13.7,13.7h145.9c7.6,0,13.7-6.2,13.7-13.7\n\t\tS224.8,352.7,217.2,352.7z\"\/>\n\t<path class=\"st0\" d=\"M475.2,226.3H329.3c-7.6,0-13.7,6.2-13.7,13.7c0,7.6,6.2,13.7,13.7,13.7h145.9c7.6,0,13.7-6.2,13.7-13.7\n\t\tC488.9,232.5,482.8,226.3,475.2,226.3z\"\/>\n\t<path class=\"st0\" d=\"M475.2,289.5H329.3c-7.6,0-13.7,6.2-13.7,13.7s6.2,13.7,13.7,13.7h145.9c7.6,0,13.7-6.2,13.7-13.7\n\t\tS482.8,289.5,475.2,289.5z\"\/>\n\t<path class=\"st0\" d=\"M475.2,352.7H329.3c-7.6,0-13.7,6.2-13.7,13.7s6.2,13.7,13.7,13.7h145.9c7.6,0,13.7-6.2,13.7-13.7\n\t\tS482.8,352.7,475.2,352.7z\"\/>\n\t<path class=\"st0\" d=\"M423.8,6.4l-6,0.1c-16.2,0.4-32.3-0.2-47.8-0.8C346.4,4.8,324,4,302.4,6.6c-13.6,0.1-22.9,3.7-29.4,8.7\n\t\tc-6.4-5-15.7-8.6-29.3-8.7C177.1-2.2,109.6-2.2,43,6.6C19.2,7.2,0,30.4,0,58.8V433c0,28.8,19.7,52.2,44,52.2h1.3l1.3-0.3\n\t\tc65-12.8,130-12.8,193.4,0l0.2,0l31.8,9.6l31-9.4c0.1,0,0.1,0,0.2,0h1.2l1.2-0.2c64.4-11.1,129.7-11.1,194.1,0l1.2,0.2h1.2\n\t\tc24.2,0,44-23.4,44-52.2V132.3L423.8,6.4z M259.3,443.3c0,12.6-6.7,14.2-15.2,14.4c-33-6.6-66.5-9.9-100.1-9.9\n\t\tc-33.6,0-67.3,3.3-101,9.8c-8.3-0.9-15.4-12-15.4-24.6V58.8c0-13.2,7.7-24.7,16.5-24.7h0.9l0.9-0.1c64.8-8.6,130.4-8.6,195.2,0\n\t\tl0.9,0.1h0.9c10.3,0,16.5,0.9,16.5,13.2V443.3z M518.5,433c0,12.7-7.2,23.9-15.6,24.6c-66.6-11.4-134.2-11.3-200.9,0\n\t\tc-8.5-0.1-15.4-1.6-15.4-14.4v-396c0-12.4,6.2-13.2,16.5-13.2h0.9l0.8-0.1c19.7-2.5,41.2-1.6,64.1-0.7c13.7,0.5,27.8,1.1,42.4,0.9\n\t\tv71.3c0,20.9,16.9,37.8,37.8,37.8h69.1l0.2,0.2V433z\"\/>\n<\/g>\n<\/svg>\n\t\t\t\t\t<\/div>\n\t\t\t\t<\/div>\n\t\t\t<\/div>\n\t\t\t\t<div class=\"icon-box-text last-reset\">\n\t\t\t\t\t\t\t\t\t\n\n\n\t\t<\/div>\n\t<\/div>\n\t<\/a>\n\t\n\n\t\t<\/div>\n\t\t\t<\/div>\n\n\t\n\n\t<div id=\"col-756912634\" class=\"col medium-6 small-6 large-5\"  >\n\t\t<div class=\"col-inner\"  >\n\t\t\t\n\t\t\t\n\n<h2><a class=\"thin-font\" href=\"https:\/\/kuenzlipreview.saphir.mainbase.ch\/?page_id=870\" target=\"_blank\" rel=\"noopener noreferrer\"><span style=\"font-size: 110%; color: #ff6600;\"><span style=\"font-size: 100%;\">Preislisten Metzger<\/span><\/span><\/a><\/h2>\n\n\t\t<\/div>\n\t\t\n<style>\n#col-756912634 > .col-inner {\n  margin: 25px 0px 0px -25px;\n}\n<\/style>\n\t<\/div>\n\n\t\n\n<\/div>\n\n\t\t<\/div>\n\n\t\t\n<style>\n#section_398553570 {\n  padding-top: 30px;\n  padding-bottom: 30px;\n}\n<\/style>\n\t<\/section>\n\t\n\n","protected":false},"excerpt":{"rendered":"","protected":false},"author":1,"featured_media":0,"parent":0,"menu_order":0,"comment_status":"closed","ping_status":"closed","template":"page-blank.php","meta":{"spay_email":""},"_links":{"self":[{"href":"https:\/\/kuenzlipreview.saphir.mainbase.ch\/index.php?rest_route=\/wp\/v2\/pages\/230"}],"collection":[{"href":"https:\/\/kuenzlipreview.saphir.mainbase.ch\/index.php?rest_route=\/wp\/v2\/pages"}],"about":[{"href":"https:\/\/kuenzlipreview.saphir.mainbase.ch\/index.php?rest_route=\/wp\/v2\/types\/page"}],"author":[{"embeddable":true,"href":"https:\/\/kuenzlipreview.saphir.mainbase.ch\/index.php?rest_route=\/wp\/v2\/users\/1"}],"replies":[{"embeddable":true,"href":"https:\/\/kuenzlipreview.saphir.mainbase.ch\/index.php?rest_route=%2Fwp%2Fv2%2Fcomments&post=230"}],"version-history":[{"count":38,"href":"https:\/\/kuenzlipreview.saphir.mainbase.ch\/index.php?rest_route=\/wp\/v2\/pages\/230\/revisions"}],"predecessor-version":[{"id":2841,"href":"https:\/\/kuenzlipreview.saphir.mainbase.ch\/index.php?rest_route=\/wp\/v2\/pages\/230\/revisions\/2841"}],"wp:attachment":[{"href":"https:\/\/kuenzlipreview.saphir.mainbase.ch\/index.php?rest_route=%2Fwp%2Fv2%2Fmedia&parent=230"}],"curies":[{"name":"wp","href":"https:\/\/api.w.org\/{rel}","templated":true}]}}